{"id":216,"date":"2018-08-24T09:15:39","date_gmt":"2018-08-24T13:15:39","guid":{"rendered":"http:\/\/pretcash2000.com\/?page_id=216"},"modified":"2021-03-23T13:37:45","modified_gmt":"2021-03-23T17:37:45","slug":"comment-ca-fonctionne","status":"publish","type":"page","link":"https:\/\/pretcash2000.com\/fr\/comment-ca-fonctionne\/","title":{"rendered":"Comment \u00e7a fonctionne?"},"content":{"rendered":"\n<h2>\n\t\tSIMPLE, RAPIDE &#038; S\u00dbR\n\t<\/h2>\n<h2>\n\t\tUn service flexible\n\t<\/h2>\n\t<p>Nous savons que chaque situation est diff\u00e9rente, nous offrons donc un service de pr\u00eat adapt\u00e9 \u00e0 vos besoins. Obtenez jusqu&rsquo;\u00e0 1000$ et remboursez en une ou plusieurs fois!<\/p>\n<h3>\n\t\tPREMI\u00c8RE \u00c9TAPE\n\t<\/h3>\n\t\t\t\t<img decoding=\"async\" src=\"http:\/\/pretcash2000.com\/wp-content\/uploads\/2018\/08\/network.png\" alt=\"network\" itemprop=\"image\" title=\"network\" onerror=\"this.style.display='none'\"  \/>\n\t<p>1.<\/p>\n<p>REMPLISSEZ LE FORMULAIRE<\/p>\n<p>Vous pouvez faire votre demande depuis votre canap\u00e9. Il vous suffit simplement de remplir notre formulaire rapide et facile!<\/p>\n\t\t\t\t<img decoding=\"async\" src=\"http:\/\/pretcash2000.com\/wp-content\/uploads\/2018\/08\/network.png\" alt=\"network\" itemprop=\"image\" title=\"network\" onerror=\"this.style.display='none'\"  \/>\n\t<p>2.<\/p>\n<p>RECEVEZ VOTRE APPROBATION<\/p>\n<p>Recevez votre approbation le jour m\u00eame! Vous pourrez ainsi recevoir votre argent tr\u00e8s rapidement.<\/p>\n<h3>\n\t\tSECONDE \u00c9TAPE\n\t<\/h3>\n<h3>\n\t\tTROISI\u00c8ME \u00c9TAPE\n\t<\/h3>\n\t\t\t\t<img decoding=\"async\" src=\"http:\/\/pretcash2000.com\/wp-content\/uploads\/2018\/08\/network.png\" alt=\"network\" itemprop=\"image\" title=\"network\" onerror=\"this.style.display='none'\"  \/>\n\t<p>3.<\/p>\n<p>RECEVEZ VOTRE ARGENT<\/p>\n<p>Recevez votre argent sur votre compte bancaire via un transfert. Vous n&rsquo;avez m\u00eame pas besoin de vous d\u00e9placer!<\/p>\n\t\t\t\t<img decoding=\"async\" src=\"http:\/\/pretcash2000.com\/wp-content\/uploads\/2018\/08\/network.png\" alt=\"network\" itemprop=\"image\" title=\"network\" onerror=\"this.style.display='none'\"  \/>\n\t<p>4.<\/p>\n<p>REMBOURSEZ \u00c0 VOTRE RYTHME<\/p>\n<p>Remboursez votre pr\u00eat \u00e0 votre rythme! Nous vous proposons de payer en une ou plusieurs fois, selon votre confort.<\/p>\n<h3>\n\t\tQUATRI\u00c8ME \u00c9TAPE\n\t<\/h3>\n<h2>\n\t\tUN SERVICE RAPIDE\n\t<\/h2>\n<h2>\n\t\tObtenez votre pr\u00eat rapidement\n\t<\/h2>\n<h2>\n\t\tUn remboursement  <br \/>facile\n\t<\/h2>\n\t\t\t<a href=\"http:\/\/pretcash2000.com\/remboursement\/\" target=\"_self\" role=\"button\" rel=\"noopener noreferrer\">\n\t\t\t\t\t\t\tEN SAVOIR PLUS\n\t\t\t\t\t<\/a>\n<h2>\n\t\tLa possibilit\u00e9 de  renouveler son pr\u00eat\n\t<\/h2>\n\t\t\t<a href=\"http:\/\/pretcash2000.com\/renouveler\/\" target=\"_self\" role=\"button\" rel=\"noopener noreferrer\">\n\t\t\t\t\t\t\tEN SAVOIR PLUS\n\t\t\t\t\t<\/a>\n<h2>\n\t\tUne prise de contact  simple\n\t<\/h2>\n\t\t\t<a href=\"http:\/\/pretcash2000.com\/contact\/\" target=\"_self\" role=\"button\" rel=\"noopener noreferrer\">\n\t\t\t\t\t\t\tNOUS CONTACTER\n\t\t\t\t\t<\/a>\n\t\t<h2>Commencez d\u00e8s  maintenant!<\/h2>\n\t\t<p>Appliquez en ligne d\u00e8s aujourd&rsquo;hui et obtenez jusqu&rsquo;\u00e0 1000$!<\/p>\n<p>&nbsp;<\/p>\n<p>Vous aurez besoin de:<\/p>\n<ul>\n<li>Une pi\u00e8ce d&rsquo;identit\u00e9<\/li>\n<li>Un compte ch\u00e8que<\/li>\n<li>Des informations de revenus<\/li>\n<\/ul>\n\t\t\t<a href=\"http:\/\/applications.pretcash2000.com\/\" target=\"_self\" role=\"button\" rel=\"noopener noreferrer\">\n\t\t\t\t\t\t\tAPPLIQUER\n\t\t\t\t\t<\/a>\n\n","protected":false},"excerpt":{"rendered":"<p>SIMPLE, RAPIDE &#038; S\u00dbR Un service flexible Nous savons que chaque situation est diff\u00e9rente, nous offrons donc un service de pr\u00eat adapt\u00e9 \u00e0 vos besoins. Obtenez jusqu&rsquo;\u00e0 1000$ et remboursez en une ou plusieurs fois! PREMI\u00c8RE \u00c9TAPE 1. REMPLISSEZ LE FORMULAIRE Vous pouvez faire votre demande depuis votre canap\u00e9. Il vous suffit simplement de remplir&hellip;<\/p>\n","protected":false},"author":3,"featured_media":1994,"parent":0,"menu_order":0,"comment_status":"closed","ping_status":"closed","template":"","meta":{"_acf_changed":false,"footnotes":""},"class_list":["post-216","page","type-page","status-publish","has-post-thumbnail","hentry"],"acf":[],"_links":{"self":[{"href":"https:\/\/pretcash2000.com\/fr\/wp-json\/wp\/v2\/pages\/216","targetHints":{"allow":["GET"]}}],"collection":[{"href":"https:\/\/pretcash2000.com\/fr\/wp-json\/wp\/v2\/pages"}],"about":[{"href":"https:\/\/pretcash2000.com\/fr\/wp-json\/wp\/v2\/types\/page"}],"author":[{"embeddable":true,"href":"https:\/\/pretcash2000.com\/fr\/wp-json\/wp\/v2\/users\/3"}],"replies":[{"embeddable":true,"href":"https:\/\/pretcash2000.com\/fr\/wp-json\/wp\/v2\/comments?post=216"}],"version-history":[{"count":19,"href":"https:\/\/pretcash2000.com\/fr\/wp-json\/wp\/v2\/pages\/216\/revisions"}],"predecessor-version":[{"id":2474,"href":"https:\/\/pretcash2000.com\/fr\/wp-json\/wp\/v2\/pages\/216\/revisions\/2474"}],"wp:featuredmedia":[{"embeddable":true,"href":"https:\/\/pretcash2000.com\/fr\/wp-json\/wp\/v2\/media\/1994"}],"wp:attachment":[{"href":"https:\/\/pretcash2000.com\/fr\/wp-json\/wp\/v2\/media?parent=216"}],"curies":[{"name":"wp","href":"https:\/\/api.w.org\/{rel}","templated":true}]}}