{"id":218,"date":"2018-08-24T09:16:01","date_gmt":"2018-08-24T09:16:01","guid":{"rendered":"http:\/\/pretcash2000.com\/?page_id=218"},"modified":"2021-03-23T13:39:11","modified_gmt":"2021-03-23T17:39:11","slug":"remboursement","status":"publish","type":"page","link":"https:\/\/pretcash2000.com\/fr\/remboursement\/","title":{"rendered":"Remboursement"},"content":{"rendered":"\n<h2>\n\t\tDES OPTIONS SOUPLES\n\t<\/h2>\n<h2>\n\t\tRemboursez \u00e0 votre rythme\n\t<\/h2>\n\t<p>Nous vous offrons plusieurs options de remboursement car nous savons que chaque situation est diff\u00e9rente. Le remboursement s&rsquo;effectue par pr\u00e9l\u00e8vement automatique, \u00e0 la fr\u00e9quence qui vous convient.<\/p>\n\t\t\t\t<img decoding=\"async\" src=\"http:\/\/pretcash2000.com\/wp-content\/uploads\/2018\/08\/pret-cash.jpg\" alt=\"pret-cash\" itemprop=\"image\" title=\"pret-cash\" onerror=\"this.style.display='none'\"  \/>\n<h2>\n\t\tD\u00e9lai de remboursement\n\t<\/h2>\n\t<p>Le d\u00e9lai de remboursement est fix\u00e9 en fonction du montant emprunt\u00e9. Vous avez la possibilit\u00e9 de rembourser directement ou sous 60 jours.<\/p>\n<h2>\n\t\tDes int\u00e9r\u00e9ts uniques\n\t<\/h2>\n\t<p>Que vous d\u00e9cidiez de rembourser en une ou plusieurs fois, au bout de 1 mois ou 3 mois, les int\u00e9r\u00eats que vous payez restent les m\u00eames!<\/p>\n<h2>\n\t\tEXEMPLE\n\t<\/h2>\n<h2>\n\t\tExemple de remboursement\n\t<\/h2>\n\t<p>Voici \u00e0 titre indicatif le montant des versements en fonction des montants emprunt\u00e9s, pour un remboursement hebdomadaire.<\/p>\n<p>Le montant double si le remboursement se fait chaque deux semaines et quadruple si le remboursement est mensuel.<\/p>\n<p>N&rsquo;h\u00e9sitez pas \u00e0 nous contacter pour obtenir plus d&rsquo;informations.<\/p>\n\t\t\t<div id=\"calculator_block\">\n\t\t\t<div class=\"inner_calc\">\n\n\t\t\t\t<div class=\"title_box\">\n\t\t\t\t\t<div>Calculez vos paiements<\/div>\n\t\t\t\t\t<span id=\"border\"><\/span>\n\t\t\t\t<\/div>\n\n\t\t\t\t<div class=\"cont_box\">\n\t\t\t\t\t\t\t\t\t\t\t<div>\n\n\t\t\t\t\t\t\t<div class='sub_titles'>1. Montant de pr\u00eat<\/div>\t\t\t\t\t\t\t\n\t\t\t\t\t\t\t<select id='amount'>\n\t\t\t\t\t\t\t\n\t\t\t\t\t\t\t\t<option id=\"43.88\" data=\"12\" value=\"300\" selected >300$<\/option>\n\t\t\t\t\t\t\t\n\t\t\t\t\t\t\t\t<option id=\"58.51\" data=\"12\" value=\"400\"  >400$<\/option>\n\t\t\t\t\t\t\t\n\t\t\t\t\t\t\t\t<option id=\"73.14\" data=\"12\" value=\"500\"  >500$<\/option>\n\t\t\t\t\t\t\t\n\t\t\t\t\t\t\t\t<option id=\"87.77\" data=\"12\" value=\"600\"  >600$<\/option>\n\t\t\t\t\t\t\t\n\t\t\t\t\t\t\t\t<option id=\"87.96\" data=\"14\" value=\"700\"  >700$<\/option>\n\t\t\t\t\t\t\t\n\t\t\t\t\t\t\t\t<option id=\"94.24\" data=\"14\" value=\"750\"  >750$<\/option>\n\t\t\t\t\t\t\t\n\t\t\t\t\t\t\t\t<option id=\"100.52\" data=\"14\" value=\"800\"  >800$<\/option>\n\t\t\t\t\t\t\t\n\t\t\t\t\t\t\t\t<option id=\"99.16\" data=\"16\" value=\"900\"  >900$<\/option>\n\t\t\t\t\t\t\t\n\t\t\t\t\t\t\t\t<option id=\"110.17\" data=\"16\" value=\"1000\"  >1000$<\/option>\n\t\t\t\t\t\t\t\t\t\t\t\t\t\t<\/select>\n\n\t\t\t\t\t\t<\/div>\t\n\t\t\t\t\t\t\t\n\t\t\t\t\t\t<div>\n\n\t\t\t\t\t\t\t<div class='sub_titles'>2. Fr\u00e9quence de paiement<\/div>\n\t\t\t\t\t\t\t\t\t\t\t\t\t\t\t\t<label for=\"week_0\" class='radio_label active_week'>\n\t\t\t\t\t\t\t\t\t\tChaque semaine\t\t\t\t\t\t\t\t\t\t<input type=\"radio\" name=\"weekly_pay\" value=\"Chaque semaine\" data=\"1\" id=\"week_0\"\n\t\t\t\t\t\t\t\t\t\tchecked\/>\n\t\t\t\t\t\t\t\t\t<\/label>\n\t\t\t\t\t\t\t\t\t\t\t\t\t\t\t\t<label for=\"week_1\" class='radio_label '>\n\t\t\t\t\t\t\t\t\t\tAux deux semaines\t\t\t\t\t\t\t\t\t\t<input type=\"radio\" name=\"weekly_pay\" value=\"Aux deux semaines\" data=\"2\" id=\"week_1\"\n\t\t\t\t\t\t\t\t\t\t\/>\n\t\t\t\t\t\t\t\t\t<\/label>\n\t\t\t\t\t\t\t\t\t\t\t\t\t\t\t\t<label for=\"week_2\" class='radio_label '>\n\t\t\t\t\t\t\t\t\t\tMensuelle\t\t\t\t\t\t\t\t\t\t<input type=\"radio\" name=\"weekly_pay\" value=\"Mensuelle\" data=\"4\" id=\"week_2\"\n\t\t\t\t\t\t\t\t\t\t\/>\n\t\t\t\t\t\t\t\t\t<\/label>\n\t\t\t\t\t\t\t\n\t\t\t\t\t\t<\/div>\n\t\t\t\t\t\t\n\n\t\t\t\t\t<div>\t\n\t\t\t\t\t\t<div class='sub_titles'>3. Montant des versements<\/div>\n\t\t\t\t\t\t<span id=\"reslu_sum\"><\/span>\n\t\t\t\t\t\t<span>par versement pendant environ <\/span>\n\t\t\t\t\t\t<span id='duration'><\/span>\n\t\t\t\t\t\t<span>semaines<\/span>\n\t\t\t\t\t<\/div>\n\t\t\t\t\n\t\t\t\t<\/div>\n\n\t\t\t<\/div>\n\t\t<\/div>\n\n\t\t<h3><\/h3>\n\t\t<h3>\u00e0 venir<\/h3>\n<p>\u00e0 venir&#8230;<\/p>\n<h3>\u00e0 venir<\/h3>\n<p>\u00e0 venir&#8230;<\/p>\n\t\t\t<a href=\"\" target=\"_self\" role=\"button\" rel=\"noopener noreferrer\">\n\t\t\t\t\t\t\tNOUS JOINDRE\n\t\t\t\t\t<\/a>\n\t\t<h2>Commencez d\u00e8s  maintenant!<\/h2>\n\t\t<p>Appliquez en ligne d\u00e8s aujourd&rsquo;hui et obtenez jusqu&rsquo;\u00e0 1000$!<\/p>\n<p>&nbsp;<\/p>\n<p>Vous aurez besoin de:<\/p>\n<ul>\n<li>Une pi\u00e8ce d&rsquo;identit\u00e9<\/li>\n<li>Un compte ch\u00e8que<\/li>\n<li>Des informations de revenus<\/li>\n<\/ul>\n\t\t\t<a href=\"http:\/\/applications.pretcash2000.com\/\" target=\"_self\" role=\"button\" rel=\"noopener noreferrer\">\n\t\t\t\t\t\t\tAPPLIQUER\n\t\t\t\t\t<\/a>\n\n","protected":false},"excerpt":{"rendered":"","protected":false},"author":3,"featured_media":1974,"parent":0,"menu_order":0,"comment_status":"closed","ping_status":"closed","template":"","meta":{"_acf_changed":false,"footnotes":""},"class_list":["post-218","page","type-page","status-publish","has-post-thumbnail","hentry"],"acf":[],"_links":{"self":[{"href":"https:\/\/pretcash2000.com\/fr\/wp-json\/wp\/v2\/pages\/218","targetHints":{"allow":["GET"]}}],"collection":[{"href":"https:\/\/pretcash2000.com\/fr\/wp-json\/wp\/v2\/pages"}],"about":[{"href":"https:\/\/pretcash2000.com\/fr\/wp-json\/wp\/v2\/types\/page"}],"author":[{"embeddable":true,"href":"https:\/\/pretcash2000.com\/fr\/wp-json\/wp\/v2\/users\/3"}],"replies":[{"embeddable":true,"href":"https:\/\/pretcash2000.com\/fr\/wp-json\/wp\/v2\/comments?post=218"}],"version-history":[{"count":13,"href":"https:\/\/pretcash2000.com\/fr\/wp-json\/wp\/v2\/pages\/218\/revisions"}],"predecessor-version":[{"id":2477,"href":"https:\/\/pretcash2000.com\/fr\/wp-json\/wp\/v2\/pages\/218\/revisions\/2477"}],"wp:featuredmedia":[{"embeddable":true,"href":"https:\/\/pretcash2000.com\/fr\/wp-json\/wp\/v2\/media\/1974"}],"wp:attachment":[{"href":"https:\/\/pretcash2000.com\/fr\/wp-json\/wp\/v2\/media?parent=218"}],"curies":[{"name":"wp","href":"https:\/\/api.w.org\/{rel}","templated":true}]}}