{"id":226,"date":"2018-08-24T09:19:36","date_gmt":"2018-08-24T09:19:36","guid":{"rendered":"http:\/\/pretcash2000.com\/?page_id=226"},"modified":"2021-06-07T11:44:45","modified_gmt":"2021-06-07T15:44:45","slug":"contact","status":"publish","type":"page","link":"https:\/\/pretcash2000.com\/fr\/contact\/","title":{"rendered":"Contact"},"content":{"rendered":"\n<h2>\n\t\tCONTACT\n\t<\/h2>\n<h2>\n\t\tPR\u00caT CASH 2000\n\t<\/h2>\n\t<p>Vous avez consult\u00e9 notre FAQ et vous n&rsquo;y trouvez pas votre r\u00e9ponse? N&rsquo;h\u00e9sitez pas \u00e0 nous appeler ou remplissez le formulaire ci-dessous pour prendre contact!<\/p>\n\t<h3>Heurs d&rsquo;ouverture<\/h3>\n<p>Lun-ven: 10am &#8211; 6pm<\/p>\n<p>Sam-Dim: Ferm\u00e9<\/p>\n<h3>Contact<\/h3>\n\n\n\t    <div class=\"hidden\">\n        <div class=\"widget_text lat_\"><div class=\"textwidget custom-html-widget\">45.460318<\/div><\/div>        <div class=\"widget_text long_\"><div class=\"textwidget custom-html-widget\">-73.567417<\/div><\/div>    <\/div>\n   <div id=\"map\"><\/div>\n\n\t\t<h2>Commencez d\u00e8s  maintenant!<\/h2>\n\t\t<p>Appliquez en ligne d\u00e8s aujourd&rsquo;hui et obtenez jusqu&rsquo;\u00e0 1000$!<\/p>\n<p>&nbsp;<\/p>\n<p>Vous aurez besoin de:<\/p>\n<ul>\n<li>Une pi\u00e8ce d&rsquo;identit\u00e9<\/li>\n<li>Un compte ch\u00e8que<\/li>\n<li>Des informations de revenus<\/li>\n<\/ul>\n\t\t\t<a href=\"http:\/\/applications.pretcash2000.com\/\" target=\"_self\" role=\"button\" rel=\"noopener\">\n\t\t\t\t\t\t\tAPPLIQUER\n\t\t\t\t\t<\/a>\n\n","protected":false},"excerpt":{"rendered":"<p>CONTACT PR\u00caT CASH 2000 Vous avez consult\u00e9 notre FAQ et vous n&rsquo;y trouvez pas votre r\u00e9ponse? N&rsquo;h\u00e9sitez pas \u00e0 nous appeler ou remplissez le formulaire ci-dessous pour prendre contact! Heurs d&rsquo;ouverture Lun-ven: 10am &#8211; 6pm Sam-Dim: Ferm\u00e9 Contact Commencez d\u00e8s maintenant! Appliquez en ligne d\u00e8s aujourd&rsquo;hui et obtenez jusqu&rsquo;\u00e0 1000$! &nbsp; Vous aurez besoin de:&hellip;<\/p>\n","protected":false},"author":3,"featured_media":1974,"parent":0,"menu_order":0,"comment_status":"closed","ping_status":"closed","template":"","meta":{"_acf_changed":false,"footnotes":""},"class_list":["post-226","page","type-page","status-publish","has-post-thumbnail","hentry"],"acf":[],"_links":{"self":[{"href":"https:\/\/pretcash2000.com\/fr\/wp-json\/wp\/v2\/pages\/226","targetHints":{"allow":["GET"]}}],"collection":[{"href":"https:\/\/pretcash2000.com\/fr\/wp-json\/wp\/v2\/pages"}],"about":[{"href":"https:\/\/pretcash2000.com\/fr\/wp-json\/wp\/v2\/types\/page"}],"author":[{"embeddable":true,"href":"https:\/\/pretcash2000.com\/fr\/wp-json\/wp\/v2\/users\/3"}],"replies":[{"embeddable":true,"href":"https:\/\/pretcash2000.com\/fr\/wp-json\/wp\/v2\/comments?post=226"}],"version-history":[{"count":25,"href":"https:\/\/pretcash2000.com\/fr\/wp-json\/wp\/v2\/pages\/226\/revisions"}],"predecessor-version":[{"id":2542,"href":"https:\/\/pretcash2000.com\/fr\/wp-json\/wp\/v2\/pages\/226\/revisions\/2542"}],"wp:featuredmedia":[{"embeddable":true,"href":"https:\/\/pretcash2000.com\/fr\/wp-json\/wp\/v2\/media\/1974"}],"wp:attachment":[{"href":"https:\/\/pretcash2000.com\/fr\/wp-json\/wp\/v2\/media?parent=226"}],"curies":[{"name":"wp","href":"https:\/\/api.w.org\/{rel}","templated":true}]}}